{"id":749,"date":"2024-04-16T15:54:14","date_gmt":"2024-04-16T15:54:14","guid":{"rendered":"https:\/\/www.krear.pt\/politica-de-privacidade\/"},"modified":"2024-09-27T10:41:12","modified_gmt":"2024-09-27T10:41:12","slug":"politica-de-privacidad","status":"publish","type":"page","link":"https:\/\/www.krear.pt\/es\/politica-de-privacidad\/","title":{"rendered":"Pol\u00edtica de Privacidad"},"content":{"rendered":"\t\t<div data-elementor-type=\"wp-page\" data-elementor-id=\"749\" class=\"elementor elementor-749 elementor-3\" data-elementor-post-type=\"page\">\n\t\t\t\t<div class=\"elementor-element elementor-element-662beae6 e-flex e-con-boxed e-con e-parent\" data-id=\"662beae6\" data-element_type=\"container\" data-e-type=\"container\">\n\t\t\t\t\t<div class=\"e-con-inner\">\n\t\t\t\t<div class=\"elementor-element elementor-element-bb437e0 elementor-widget elementor-widget-heading\" data-id=\"bb437e0\" data-element_type=\"widget\" data-e-type=\"widget\" data-widget_type=\"heading.default\">\n\t\t\t\t<div class=\"elementor-widget-container\">\n\t\t\t\t\t<h1 class=\"elementor-heading-title elementor-size-default\">POL\u00cdTICA DE PRIVACIDAD Y PROTECCI\u00d3N DE DATOS<\/h1>\t\t\t\t<\/div>\n\t\t\t\t<\/div>\n\t\t\t\t<div class=\"elementor-element elementor-element-7e04dd06 elementor-widget elementor-widget-text-editor\" data-id=\"7e04dd06\" data-element_type=\"widget\" data-e-type=\"widget\" data-widget_type=\"text-editor.default\">\n\t\t\t\t<div class=\"elementor-widget-container\">\n\t\t\t\t\t\t\t\t\t<p>ULTIMATEMOD \u2013 CONSTRU\u00c7\u00c3O MODULAR, S.A. (comercialmente conocida como <strong>KREAR<\/strong>), valora y respeta la privacidad de sus Clientes, potenciales Clientes y terceros que interact\u00faan con esta, al establecer la presente Pol\u00edtica de Privacidad y Protecci\u00f3n de Datos, con el compromiso de seguir los m\u00e1s altos est\u00e1ndares de seguridad y privacidad.<\/p><p>Los datos personales son tratados de acuerdo con sus finalidades y los derechos establecidos en la legislaci\u00f3n, de manera l\u00edcita, leal, transparente y limitada a las finalidades autorizadas, garantizando el respeto a los principios legales vigentes en temas de privacidad y protecci\u00f3n de datos personales, es decir, las disposiciones del Reglamento (UE) 2016\/679 del Parlamento Europeo y del Consejo \u2013 Reglamento General de Protecci\u00f3n de Datos (RGPD) \u2013 y otra legislaci\u00f3n aplicable sobre privacidad y protecci\u00f3n de datos, incluida la legislaci\u00f3n nacional que complementa el RGPD.<\/p><p>Las reglas establecidas en esta Pol\u00edtica de Privacidad complementan las disposiciones relativas a datos personales, establecidas en los contratos suscritos con KREAR.<\/p><p>El suministro de sus datos personales implica el conocimiento y aceptaci\u00f3n de las condiciones aqu\u00ed contenidas. Por lo tanto, al colocar a disposici\u00f3n tus datos personales, autorizas la recopilaci\u00f3n, uso y divulgaci\u00f3n de los mismos entre las empresas que forman parte de KREAR, de acuerdo con las reglas aqu\u00ed definidas, es decir, a no utilizar informaci\u00f3n relativa a los usuarios y que haya sido por estos se proporcionan sin su autorizaci\u00f3n, excepto para los fines para los que est\u00e1 destinado.<\/p><p>Al acceder al sitio web consideramos que los usuarios conocen los procedimientos contenidos en esta pol\u00edtica de privacidad y los aceptan, sin reservas, condiciones o modificaciones.<\/p><p><strong>RESPONSABLE DEL TRATAMIENTO<\/strong><\/p><p>KREAR es el Responsable del tratamiento de los datos personales de sus Clientes y\/o clientes potenciales y de terceros que interact\u00faan con \u00e9l, en la medida en que presta servicios y suministra bienes y es quien decide qu\u00e9 datos se recogen, los medios de tratamiento de los datos y para qu\u00e9 fines se utilizan, y se puede contactar con ellos por correo electr\u00f3nico: <a href=\"mailto:mic@krear.pt\">mic@krear.pt<\/a><\/p><p><strong>DATOS PERSONALES<\/strong><\/p><p>Por datos personales se entiende cualquier informaci\u00f3n, de cualquier naturaleza e independientemente de su soporte, relativa a una persona f\u00edsica identificada o identificable (se considera identificable una persona que se puede identificar directa o indirectamente, es decir, por referencia a un n\u00famero de identificaci\u00f3n o a uno o m\u00e1s elementos espec\u00edficos de su identidad f\u00edsica, fisiol\u00f3gica, psicol\u00f3gica, econ\u00f3mica, cultural o social).<\/p><p><strong>FINALIDADES Y BASE JUR\u00cdDICA DEL TRATAMIENTO<\/strong><\/p><p>El tratamiento de los datos recopilados por KREAR tiene como finalidad la celebraci\u00f3n de contratos de prestaci\u00f3n de bienes y servicios disponibles, responder los pedidos y solicitudes de los clientes\/usuarios y gestionar la relaci\u00f3n contractual mediante el uso del correo postal, correo electr\u00f3nico y tel\u00e9fono. Los datos recogidos tambi\u00e9n se podr\u00e1n tratar para acciones de promoci\u00f3n o marketing, en concreto para promover acciones de difusi\u00f3n de informaci\u00f3n, nuevos productos, ofertas comerciales y servicios por correo electr\u00f3nico, tel\u00e9fono o correo postal. El tratamiento de datos personales realizado por KREAR siempre se basar\u00e1 en una o m\u00e1s de las bases legales, establecidas en el Reglamento General de Protecci\u00f3n de Datos \u2013 2016\/679 (RGPD) y dem\u00e1s legislaci\u00f3n aplicable en materia de privacidad y protecci\u00f3n de datos, incluida la legislaci\u00f3n nacional que complementa el RGPD, siendo los fundamentos legales principalmente utilizados por KREAR los siguientes:<\/p><ul><li>Consentimiento del titular de datos, de acuerdo al art\u00edculo 6.\u00ba n.\u00b0 1 inciso a) del RGPD, siempre que se preste consentimiento para el tratamiento de datos personales (como por ejemplo con fines de marketing directo, entre otros), se llevar\u00e1 a cabo el tratamiento en condiciones estrictamente acordadas. El titular de datos podr\u00e1 retirar el consentimiento en cualquier momento, sin que dicha revocaci\u00f3n afecte a los tratamientos realizados mientras estuvo vigente dicho consentimiento.<\/li><li>Realizaci\u00f3n y\/o gesti\u00f3n del contrato u otras medidas precontractuales, en el \u00e1mbito del art\u00edculo 6.\u00ba n.\u00b0 1 inciso b) del RGPD, que incluye, en particular, el tratamiento de datos personales realizado con el fin de mantener la relaci\u00f3n contractual de KREAR con el Cliente o potencial Cliente y\/o titular de datos y para permitir la prestaci\u00f3n de servicios, la ejecuci\u00f3n de contratos y el tratamiento de pedidos as\u00ed como todas las actuaciones necesarias en el \u00e1mbito de la realizaci\u00f3n y gesti\u00f3n de la actividad de KREAR.<\/li><\/ul><p>\u00a0<\/p><p><strong>DERECHOS DE TITULARES DE DATOS PERSONALES<\/strong><\/p><p>De acuerdo a Ley de Protecci\u00f3n de Datos Personales se garantiza al titular de datos, el derecho a acceder, actualizar, rectificar, limitar o suprimir sus datos personales, en cualquier momento, as\u00ed como el derecho a oponerse al uso de los datos proporcionados con fines de marketing (sin comprometer la licitud del tratamiento realizado sobre la base del consentimiento previamente prestado), que podr\u00e1 realizar a trav\u00e9s de los datos de contacto facilitados. Tambi\u00e9n se garantiza al titular de datos el derecho a presentar un reclamo ante la autoridad de control competente, en el caso nacional, la Comisi\u00f3n Nacional de Protecci\u00f3n de Datos.<\/p><p>Para ejercer cualquiera de los derechos antes mencionados u obtener cualquier aclaraci\u00f3n relacionada con esta Pol\u00edtica de Privacidad, enviar un pedido escrito por correo electr\u00f3nico a<br \/><a href=\"mailto:mic@krear.pt\">mic@krear.pt<\/a>, y describir lo pretendido.<\/p><p><strong>TRANSFERENCIA DE DATOS PERSONALES O USO POR TERCEROS<\/strong><\/p><p>La prestaci\u00f3n de determinados servicios por parte de KREAR puede implicar ocasionalmente la transferencia de datos personales fuera de Portugal, pero en este caso se observar\u00e1n las disposiciones legales aplicables, en particular en lo que respecta a la determinaci\u00f3n de la idoneidad de dicho pa\u00eds en materia de protecci\u00f3n de datos personales y los requisitos aplicables a dichas transferencias. KREAR, en el \u00e1mbito de su actividad, podr\u00e1 utilizar entidades subcontratadas para la prestaci\u00f3n de determinados servicios, y esta prestaci\u00f3n podr\u00e1 implicar el acceso, por parte de dichas entidades, a datos personales que le hayan sido confiados. Siempre que esto suceda, KREAR tomar\u00e1 las precauciones oportunas para garantizar que las entidades subcontratadas con acceso a los datos sean honorables y ofrezcan todas las garant\u00edas necesarias para proteger los datos personales de los titulares de dichos datos. KREAR tambi\u00e9n comunicar\u00e1 los datos personales a terceros, es decir, a entidades que utilizar\u00e1n los datos para sus propios fines. En los casos en que pueda producirse dicha comunicaci\u00f3n, en particular por disposici\u00f3n legal, el respectivo interesado ser\u00e1 debidamente informado. Seg\u00fan t\u00e9rminos legales, es posible que KREAR tambi\u00e9n proporcione los datos personales de los interesados a las autoridades gubernamentales o judiciales portuguesas.<br \/><br \/><strong>INFORMACI\u00d3N NO PERSONALMENTE IDENTIFICABLE<\/strong><\/p><p>KREAR tambi\u00e9n recopila informaci\u00f3n no personalmente identificable para rastrear datos como el n\u00famero de visitas al sitio web. Usamos esta informaci\u00f3n para comprender c\u00f3mo nuestros visitantes utilizan el sitio web y para que podamos mejorar el sitio web y los servicios que ofrecemos.<br \/><br \/><strong>USO DE DIRECCIONES IP<\/strong><\/p><p>KREAR o terceros que act\u00faen en nuestro nombre pueden recopilar direcciones IP con fines de administraci\u00f3n de sistemas y para auditar el uso del centro. Las direcciones IP no est\u00e1n vinculadas a informaci\u00f3n de identificaci\u00f3n personal y los usuarios permanecen an\u00f3nimos. Sin embargo, podemos usar direcciones IP para identificar a los usuarios del Sitio cuando sea necesario para hacer cumplir los t\u00e9rminos y condiciones de uso del Sitio o para proteger nuestro Servicio, sitio web u otros usuarios.<br \/><br \/><strong>PLAZO DE CONSERVACI\u00d3N DE DATOS PERSONALES<\/strong><\/p><p>El per\u00edodo de tiempo durante el cual se almacenan y conservan los datos var\u00eda seg\u00fan la finalidad para la que se procesa la informaci\u00f3n. En los casos en que no exista una exigencia legal espec\u00edfica, los datos se almacenar\u00e1n y conservar\u00e1n durante el per\u00edodo m\u00ednimo necesario para las finalidades que motivaron su recogida o tratamiento o durante el per\u00edodo de tiempo autorizado por la Comisi\u00f3n Nacional de Protecci\u00f3n de Datos.<br \/><br \/><strong>MEDIDAS DE SEGURIDAD<\/strong><\/p><p>KREAR adopta diversas medidas de seguridad, de car\u00e1cter t\u00e9cnico y organizativo, para proteger los datos personales que se ponen a su disposici\u00f3n, en particular contra su difusi\u00f3n, p\u00e9rdida, mal uso, alteraci\u00f3n, tratamiento o acceso no autorizado, as\u00ed como contra cualquier otra forma de acceso tratamiento il\u00edcito.<\/p><p>Los Colaboradores de KREAR se obligan a comprometerse a la confidencialidad y secreto absoluto respecto de los datos a los que tendr\u00e1n acceso, comprometi\u00e9ndose a utilizarlos dentro de la estricta finalidad para la que fueron recabados.<br \/><br \/><strong>ACTUALIZACI\u00d3N DE LA POL\u00cdTICA DE PRIVACIDAD<\/strong><\/p><p>Esta pol\u00edtica de privacidad puede presentar cambios a lo largo del tiempo -tambi\u00e9n relacionados con la eventual entrada en vigor de nuevas normativas sectoriales, la actualizaci\u00f3n o prestaci\u00f3n de nuevos servicios o innovaciones tecnol\u00f3gicas-, por lo que se invita al usuario\/visitante a consultar peri\u00f3dicamente esta p\u00e1gina.<\/p><p><strong>POL\u00cdTICA DE COOKIES<\/strong><\/p><p><strong>QU\u00c9 ES UNA COOKIE<\/strong><\/p><p>Una Cookie es un c\u00f3digo que un sitio web instala en nuestros dispositivos de acceso a Internet.<\/p><p>Las cookies ayudan a aprovechar al m\u00e1ximo nuestros sitios web, sirven para ayudar a determinar la utilidad, el inter\u00e9s y el n\u00famero de usos de los sitios web, permitiendo una navegaci\u00f3n m\u00e1s r\u00e1pida y eficiente, y eliminando as\u00ed la necesidad de introducir informaci\u00f3n en ellos repetidamente.<br \/><br \/><strong>C\u00d3MO SE UTILIZAN LAS COOKIES EN NUESTRO SITIO WEB<\/strong><\/p><p>Las cookies son una parte esencial del funcionamiento de este sitio web. La finalidad principal de nuestras Cookies es mejorar la experiencia de b\u00fasqueda del usuario.<\/p><p>Podemos utilizar Cookies que nos permiten adaptar el sitio web a los gustos y preferencias del usuario y presentar promociones y ofertas de productos que pueden ser de tu inter\u00e9s como usuario.<\/p><p>Este sitio utiliza Google Analytics, lo que nos ayuda a comprender c\u00f3mo el usuario utiliza el sitio web y c\u00f3mo podemos mejorar su experiencia. Estas cookies rastrean informaci\u00f3n, como por ejemplo, cu\u00e1nto tiempo pasa el usuario en el sitio web y las p\u00e1ginas visitadas para que podamos continuar produciendo contenido que sea atractivo para el usuario.<\/p><p>Usamos anuncios para compensar los costes de funcionamiento de este sitio web y permitir financiaci\u00f3n para su desarrollo posterior. Las cookies de publicidad conductual utilizadas en este sitio garantizan que le proporcionemos los anuncios m\u00e1s relevantes, cuando sea posible de forma an\u00f3nima, al realizar un seguimiento de tus preferencias y mostrar informaci\u00f3n similar que pueda ser de tu inter\u00e9s.<\/p><p><strong>C\u00d3MO PUEDES GESTIONAR LOS COOKIES<\/strong><\/p><p>Todos los browsers permiten al usuario aceptar, rechazar o eliminar cookies, concretamente seleccionando la configuraci\u00f3n adecuada en el navegador respectivo.<\/p><p>Puedes configurar las cookies en el men\u00fa \u201copciones\u201d o \u201cpreferencias\u201d de tu navegador para rechazar todas o algunas cookies. El m\u00e9todo m\u00e1s com\u00fan es la navegaci\u00f3n an\u00f3nima.<\/p><p><strong>Informaci\u00f3n adicional<\/strong><\/p><p>Informaci\u00f3n sobre \u201cNavegaci\u00f3n Inc\u00f3gnito\u201d y gesti\u00f3n de Cookies en el navegador <span style=\"text-decoration: underline;\">Chrome<\/span>:<a href=\"https:\/\/support.google.com\/chrome\/answer\/95647?hl=en\">\u00a0https:\/\/support.google.com\/chrome\/answer\/95647?hl=en<\/a><\/p><p>Informaci\u00f3n sobre \u201cNavegaci\u00f3n privada\u201d y gesti\u00f3n de Cookies en el <span style=\"text-decoration: underline;\">F<\/span><u>irefox<\/u>:\u00a0<a href=\"https:\/\/support.mozilla.org\/en-US\/kb\/enable-and-disable-cookies-website-preferences\">https:\/\/support.mozilla.org\/en-US\/kb\/enable-and-disable-cookies-website-preferences<\/a><\/p><p>Informaci\u00f3n sobre \u201cNavegaci\u00f3n Privada\u201d y gesti\u00f3n de Cookies a partir del <u>Safari<\/u>:\u00a0<a href=\"https:\/\/support.apple.com\/kb\/ph21411?locale=en_US\">https:\/\/support.apple.com\/kb\/ph21411?locale=en_US<\/a><\/p><p>Informaci\u00f3n sobre \u201cNavegaci\u00f3n Privada\u201d y gesti\u00f3n de Cookies a partir del browser Internet <span style=\"text-decoration: underline;\">Explorer<\/span>: <a href=\"https:\/\/support.microsoft.com\/pt-pt\/help\/17442\/windows-internet-explorer-delete-manage-cookies\">https:\/\/support.microsoft.com\/pt-pt\/help\/17442\/windows-internet-explorer-delete-manage-cookies<\/a><\/p><p>Tambi\u00e9n puedes encontrar m\u00e1s informaci\u00f3n sobre c\u00f3mo controlar las cookies aqu\u00ed: <a href=\"https:\/\/www.aboutcookies.org\/how-to-control-cookies\/\">https:\/\/www.aboutcookies.org\/how-to-control-cookies\/<\/a><\/p><p>Para gestionar las cookies en el browser Chrome: <a href=\"https:\/\/support.google.com\/chrome\/answer\/95647\">https:\/\/support.google.com\/chrome\/answer\/95647<\/a><\/p><p>Para gestionar las cookies en el browser Firefox: <a href=\"https:\/\/support.mozilla.org\/pt-PT\/kb\/ativar-e-desativar-cookies-que-os-websites-utiliza\">https:\/\/support.mozilla.org\/pt-PT\/kb\/ativar-e-desativar-cookies-que-os-websites-utiliza<\/a><\/p><p>Para gestionar las cookies en el browser Internet Explorer: <a href=\"https:\/\/support.microsoft.com\/pt-pt\/help\/17442\/windows-internet-explorer-delete-manage-cookies\">https:\/\/support.microsoft.com\/pt-pt\/help\/17442\/windows-internet-explorer-delete-manage-cookies<\/a><\/p><p>Para obtener informaci\u00f3n sobre c\u00f3mo eliminar cookies en otros navegadores: <a href=\"https:\/\/www.aboutcookies.org\/how-to-delete-cookies\/\">https:\/\/www.aboutcookies.org\/how-to-delete-cookies\/<\/a><\/p><p>Si realizas la acci\u00f3n de bloquear o eliminar las cookies en este dominio, estar\u00e1s restringiendo una parte importante de las funciones disponibles lo que podr\u00eda resultar en comportamientos inesperados.<\/p><p>Para obtener m\u00e1s informaci\u00f3n sobre las cookies y su uso, le sugerimos consultar los siguientes enlaces, que solo est\u00e1n disponibles en la versi\u00f3n en ingl\u00e9s: <a href=\"https:\/\/www.allaboutcookies.org\/\">https:\/\/www.allaboutcookies.org\/<\/a><\/p><p>PPara controlar la recopilaci\u00f3n de informaci\u00f3n de cookies de terceros, ingresa a: <a href=\"http:\/\/optout.aboutads.info\/\">http:\/\/optout.aboutads.info<\/a> y aqu\u00ed: <a href=\"http:\/\/www.youronlinechoices.com\/\">http:\/\/www.youronlinechoices.com\/<\/a>.<\/p>\t\t\t\t\t\t\t\t<\/div>\n\t\t\t\t<\/div>\n\t\t\t\t\t<\/div>\n\t\t\t\t<\/div>\n\t\t\t\t<\/div>\n\t\t","protected":false},"excerpt":{"rendered":"<p>POL\u00cdTICA DE PRIVACIDAD Y PROTECCI\u00d3N DE DATOS ULTIMATEMOD \u2013 CONSTRU\u00c7\u00c3O MODULAR, S.A. (comercialmente conocida como KREAR), valora y respeta la privacidad de sus Clientes, potenciales Clientes y terceros que interact\u00faan con esta, al establecer la presente Pol\u00edtica de Privacidad y Protecci\u00f3n de Datos, con el compromiso de seguir los m\u00e1s altos est\u00e1ndares de seguridad y [&hellip;]<\/p>\n","protected":false},"author":1,"featured_media":0,"parent":0,"menu_order":0,"comment_status":"closed","ping_status":"closed","template":"","meta":{"_acf_changed":false,"footnotes":""},"class_list":["post-749","page","type-page","status-publish","hentry"],"acf":[],"yoast_head":"<!-- This site is optimized with the Yoast SEO plugin v27.3 - https:\/\/yoast.com\/product\/yoast-seo-wordpress\/ -->\n<title>Pol\u00edtica de Privacidad - Krear<\/title>\n<meta name=\"description\" content=\"Uma nova forma de construir mais eficiente, segura e sustent\u00e1vel. Descubra como a constru\u00e7\u00e3o industrializada pode transformar a forma como constru\u00edmos o futuro.\" \/>\n<meta name=\"robots\" content=\"index, follow, max-snippet:-1, max-image-preview:large, max-video-preview:-1\" \/>\n<link rel=\"canonical\" href=\"https:\/\/www.krear.pt\/es\/politica-de-privacidad\/\" \/>\n<meta property=\"og:locale\" content=\"es_ES\" \/>\n<meta property=\"og:type\" content=\"article\" \/>\n<meta property=\"og:title\" content=\"Pol\u00edtica de Privacidad - Krear\" \/>\n<meta property=\"og:description\" content=\"Uma nova forma de construir mais eficiente, segura e sustent\u00e1vel. Descubra como a constru\u00e7\u00e3o industrializada pode transformar a forma como constru\u00edmos o futuro.\" \/>\n<meta property=\"og:url\" content=\"https:\/\/www.krear.pt\/es\/politica-de-privacidad\/\" \/>\n<meta property=\"og:site_name\" content=\"Krear\" \/>\n<meta property=\"article:modified_time\" content=\"2024-09-27T10:41:12+00:00\" \/>\n<meta property=\"og:image\" content=\"https:\/\/www.krear.pt\/wp-content\/uploads\/2024\/04\/Krear_opengraph-1.jpg\" \/>\n\t<meta property=\"og:image:width\" content=\"1200\" \/>\n\t<meta property=\"og:image:height\" content=\"630\" \/>\n\t<meta property=\"og:image:type\" content=\"image\/jpeg\" \/>\n<meta name=\"twitter:card\" content=\"summary_large_image\" \/>\n<meta name=\"twitter:label1\" content=\"Tiempo de lectura\" \/>\n\t<meta name=\"twitter:data1\" content=\"9 minutos\" \/>\n<script type=\"application\/ld+json\" class=\"yoast-schema-graph\">{\"@context\":\"https:\\\/\\\/schema.org\",\"@graph\":[{\"@type\":\"WebPage\",\"@id\":\"https:\\\/\\\/www.krear.pt\\\/es\\\/politica-de-privacidad\\\/\",\"url\":\"https:\\\/\\\/www.krear.pt\\\/es\\\/politica-de-privacidad\\\/\",\"name\":\"Pol\u00edtica de Privacidad - Krear\",\"isPartOf\":{\"@id\":\"https:\\\/\\\/www.krear.pt\\\/#website\"},\"datePublished\":\"2024-04-16T15:54:14+00:00\",\"dateModified\":\"2024-09-27T10:41:12+00:00\",\"description\":\"Uma nova forma de construir mais eficiente, segura e sustent\u00e1vel. Descubra como a constru\u00e7\u00e3o industrializada pode transformar a forma como constru\u00edmos o futuro.\",\"breadcrumb\":{\"@id\":\"https:\\\/\\\/www.krear.pt\\\/es\\\/politica-de-privacidad\\\/#breadcrumb\"},\"inLanguage\":\"es\",\"potentialAction\":[{\"@type\":\"ReadAction\",\"target\":[\"https:\\\/\\\/www.krear.pt\\\/es\\\/politica-de-privacidad\\\/\"]}]},{\"@type\":\"BreadcrumbList\",\"@id\":\"https:\\\/\\\/www.krear.pt\\\/es\\\/politica-de-privacidad\\\/#breadcrumb\",\"itemListElement\":[{\"@type\":\"ListItem\",\"position\":1,\"name\":\"Home\",\"item\":\"https:\\\/\\\/www.krear.pt\\\/es\\\/\"},{\"@type\":\"ListItem\",\"position\":2,\"name\":\"Pol\u00edtica de Privacidad\"}]},{\"@type\":\"WebSite\",\"@id\":\"https:\\\/\\\/www.krear.pt\\\/#website\",\"url\":\"https:\\\/\\\/www.krear.pt\\\/\",\"name\":\"KREAR - Constru\u00e7\u00e3o Industrializada\",\"description\":\"\",\"publisher\":{\"@id\":\"https:\\\/\\\/www.krear.pt\\\/#organization\"},\"potentialAction\":[{\"@type\":\"SearchAction\",\"target\":{\"@type\":\"EntryPoint\",\"urlTemplate\":\"https:\\\/\\\/www.krear.pt\\\/?s={search_term_string}\"},\"query-input\":{\"@type\":\"PropertyValueSpecification\",\"valueRequired\":true,\"valueName\":\"search_term_string\"}}],\"inLanguage\":\"es\"},{\"@type\":\"Organization\",\"@id\":\"https:\\\/\\\/www.krear.pt\\\/#organization\",\"name\":\"KREAR - Constru\u00e7\u00e3o Industrializada\",\"url\":\"https:\\\/\\\/www.krear.pt\\\/\",\"logo\":{\"@type\":\"ImageObject\",\"inLanguage\":\"es\",\"@id\":\"https:\\\/\\\/www.krear.pt\\\/#\\\/schema\\\/logo\\\/image\\\/\",\"url\":\"https:\\\/\\\/www.krear.pt\\\/wp-content\\\/uploads\\\/2024\\\/04\\\/logo_krear.svg\",\"contentUrl\":\"https:\\\/\\\/www.krear.pt\\\/wp-content\\\/uploads\\\/2024\\\/04\\\/logo_krear.svg\",\"width\":163,\"height\":40,\"caption\":\"KREAR - Constru\u00e7\u00e3o Industrializada\"},\"image\":{\"@id\":\"https:\\\/\\\/www.krear.pt\\\/#\\\/schema\\\/logo\\\/image\\\/\"}}]}<\/script>\n<!-- \/ Yoast SEO plugin. -->","yoast_head_json":{"title":"Pol\u00edtica de Privacidad - Krear","description":"Uma nova forma de construir mais eficiente, segura e sustent\u00e1vel. Descubra como a constru\u00e7\u00e3o industrializada pode transformar a forma como constru\u00edmos o futuro.","robots":{"index":"index","follow":"follow","max-snippet":"max-snippet:-1","max-image-preview":"max-image-preview:large","max-video-preview":"max-video-preview:-1"},"canonical":"https:\/\/www.krear.pt\/es\/politica-de-privacidad\/","og_locale":"es_ES","og_type":"article","og_title":"Pol\u00edtica de Privacidad - Krear","og_description":"Uma nova forma de construir mais eficiente, segura e sustent\u00e1vel. Descubra como a constru\u00e7\u00e3o industrializada pode transformar a forma como constru\u00edmos o futuro.","og_url":"https:\/\/www.krear.pt\/es\/politica-de-privacidad\/","og_site_name":"Krear","article_modified_time":"2024-09-27T10:41:12+00:00","og_image":[{"width":1200,"height":630,"url":"https:\/\/www.krear.pt\/wp-content\/uploads\/2024\/04\/Krear_opengraph-1.jpg","type":"image\/jpeg"}],"twitter_card":"summary_large_image","twitter_misc":{"Tiempo de lectura":"9 minutos"},"schema":{"@context":"https:\/\/schema.org","@graph":[{"@type":"WebPage","@id":"https:\/\/www.krear.pt\/es\/politica-de-privacidad\/","url":"https:\/\/www.krear.pt\/es\/politica-de-privacidad\/","name":"Pol\u00edtica de Privacidad - Krear","isPartOf":{"@id":"https:\/\/www.krear.pt\/#website"},"datePublished":"2024-04-16T15:54:14+00:00","dateModified":"2024-09-27T10:41:12+00:00","description":"Uma nova forma de construir mais eficiente, segura e sustent\u00e1vel. Descubra como a constru\u00e7\u00e3o industrializada pode transformar a forma como constru\u00edmos o futuro.","breadcrumb":{"@id":"https:\/\/www.krear.pt\/es\/politica-de-privacidad\/#breadcrumb"},"inLanguage":"es","potentialAction":[{"@type":"ReadAction","target":["https:\/\/www.krear.pt\/es\/politica-de-privacidad\/"]}]},{"@type":"BreadcrumbList","@id":"https:\/\/www.krear.pt\/es\/politica-de-privacidad\/#breadcrumb","itemListElement":[{"@type":"ListItem","position":1,"name":"Home","item":"https:\/\/www.krear.pt\/es\/"},{"@type":"ListItem","position":2,"name":"Pol\u00edtica de Privacidad"}]},{"@type":"WebSite","@id":"https:\/\/www.krear.pt\/#website","url":"https:\/\/www.krear.pt\/","name":"KREAR - Constru\u00e7\u00e3o Industrializada","description":"","publisher":{"@id":"https:\/\/www.krear.pt\/#organization"},"potentialAction":[{"@type":"SearchAction","target":{"@type":"EntryPoint","urlTemplate":"https:\/\/www.krear.pt\/?s={search_term_string}"},"query-input":{"@type":"PropertyValueSpecification","valueRequired":true,"valueName":"search_term_string"}}],"inLanguage":"es"},{"@type":"Organization","@id":"https:\/\/www.krear.pt\/#organization","name":"KREAR - Constru\u00e7\u00e3o Industrializada","url":"https:\/\/www.krear.pt\/","logo":{"@type":"ImageObject","inLanguage":"es","@id":"https:\/\/www.krear.pt\/#\/schema\/logo\/image\/","url":"https:\/\/www.krear.pt\/wp-content\/uploads\/2024\/04\/logo_krear.svg","contentUrl":"https:\/\/www.krear.pt\/wp-content\/uploads\/2024\/04\/logo_krear.svg","width":163,"height":40,"caption":"KREAR - Constru\u00e7\u00e3o Industrializada"},"image":{"@id":"https:\/\/www.krear.pt\/#\/schema\/logo\/image\/"}}]}},"_links":{"self":[{"href":"https:\/\/www.krear.pt\/es\/wp-json\/wp\/v2\/pages\/749","targetHints":{"allow":["GET"]}}],"collection":[{"href":"https:\/\/www.krear.pt\/es\/wp-json\/wp\/v2\/pages"}],"about":[{"href":"https:\/\/www.krear.pt\/es\/wp-json\/wp\/v2\/types\/page"}],"author":[{"embeddable":true,"href":"https:\/\/www.krear.pt\/es\/wp-json\/wp\/v2\/users\/1"}],"replies":[{"embeddable":true,"href":"https:\/\/www.krear.pt\/es\/wp-json\/wp\/v2\/comments?post=749"}],"version-history":[{"count":7,"href":"https:\/\/www.krear.pt\/es\/wp-json\/wp\/v2\/pages\/749\/revisions"}],"predecessor-version":[{"id":776,"href":"https:\/\/www.krear.pt\/es\/wp-json\/wp\/v2\/pages\/749\/revisions\/776"}],"wp:attachment":[{"href":"https:\/\/www.krear.pt\/es\/wp-json\/wp\/v2\/media?parent=749"}],"curies":[{"name":"wp","href":"https:\/\/api.w.org\/{rel}","templated":true}]}}